{"id":15,"date":"2021-06-22T19:52:30","date_gmt":"2021-06-22T19:52:30","guid":{"rendered":"https:\/\/sikkfoto.hu\/?page_id=15"},"modified":"2023-03-18T21:38:35","modified_gmt":"2023-03-18T21:38:35","slug":"rolam","status":"publish","type":"page","link":"https:\/\/sikkfoto.hu\/index.php\/rolam\/","title":{"rendered":"R\u00f3lam"},"content":{"rendered":"\n<p class=\"has-text-align-left has-medium-font-size\"><strong><span style=\"color:#05283c\" class=\"has-inline-color\">S<\/span><span style=\"color:#f904f5\" class=\"has-inline-color\">i<\/span><span style=\"color:#05283c\" class=\"has-inline-color\">KK<\/span><\/strong>. Tal\u00e1n felt\u0171nik Neked kedves olvas\u00f3, hogy egy bet\u0171 kiv\u00e9tel\u00e9vel ez a monogramom. <strong>S<\/strong>ub\u00e1n\u00e9 <strong>K<\/strong>iss <strong>K<\/strong>risztina ugyanis a teljes nevem. Egy apr\u00f3 \u201e<span style=\"color:#a300a0\" class=\"has-inline-color\"><strong>i<\/strong><\/span>\u201d bet\u0171vel kieg\u00e9sz\u00edtve pedig m\u00e1r jelent\u00e9se is van. A magyar nyelv \u00e9rtelmez\u0151 sz\u00f3t\u00e1ra szerint a <em>sikk<\/em> k\u00f6nnyed elegancia, eredeti \u00edzl\u00e9s, k\u00f6nnyeds\u00e9g, simas\u00e1g, finoms\u00e1g. A sz\u00f3 egy\u00e9bk\u00e9nt francia eredet\u0171, \u00e9s az eml\u00edtett tulajdons\u00e1gok mellett a laza \u00e9s boh\u00e9m jelz\u0151k is helyettes\u00edthetik. Ezt pr\u00f3b\u00e1lom k\u00f6zvet\u00edteni \u00e9n is a k\u00e9peimmel.<\/p>\n\n\n\n<p>A f\u0151iskolai \u00e9vek kiv\u00e9tel\u00e9vel vil\u00e1g \u00e9letemben Kisk\u0151r\u00f6s\u00f6n \u00e9ltem. Ma is ez a v\u00e1ros a vil\u00e1gom k\u00f6zpontja. Tan\u00e1ri diplom\u00e1m megszerz\u00e9se ut\u00e1n voltam m\u00fazeumpedag\u00f3gus, majd n\u00e9h\u00e1ny \u00e9vet dolgoztam tanult szakm\u00e1mban is, ezt k\u00f6vet\u0151en azonban k\u00f6zel 20 \u00e9vre a helyi m\u00e9di\u00e1ban tev\u00e9kenykedtem.<\/p>\n\n\n\n<p class=\"has-medium-font-size\">De kezdj\u00fck az elej\u00e9n. Hogy is lettem fot\u00f3s?<\/p>\n\n\n\n<p>Nem eml\u00e9kszem m\u00e1r arra, hogy mikor fogtam el\u0151sz\u00f6r f\u00e9nyk\u00e9pez\u0151g\u00e9pet a kezembe. Ap\u00e1nak eml\u00e9keim szerint mindig volt g\u00e9pe, \u00edgy a csal\u00e1di arch\u00edvum szerencs\u00e9re gazdagon meg\u0151rz\u00f6tt sok-sok k\u00e9pi eml\u00e9ket a gyerekkoromb\u00f3l. Azt\u00e1n persze ahogy nagyobb lettem, \u00e9n is kaptam kis automata filmes g\u00e9pet, azzal kattogtattam, ha t\u00f6rt\u00e9nt valami \u00e9rdekes k\u00f6r\u00fcl\u00f6ttem.<\/p>\n\n\n\n<p>Az els\u0151 digit\u00e1lis g\u00e9pemet 2003-ban vettem egy olaszorsz\u00e1gi utaz\u00e1s el\u0151tt. Nem tudott sok mindent, igaz \u00e9n sem, de az\u00e9rt elboldogultunk.<\/p>\n\n\n\n<p>Azt\u00e1n teltek az \u00e9vek, \u00e9s mint sok h\u00f6lgy fot\u00f3st, engem is a gyermekeim \u00e9rkez\u00e9se \u00f6szt\u00f6nz\u00f6tt gyakoribb kattogtat\u00e1sra. P\u00e1rom hozz\u00e1\u00e9rt\u00e9s\u00e9nek h\u00e1la, egyre jobb technikai h\u00e1tt\u00e9rrel k\u00e9sz\u00edthett\u00fck a felv\u00e9teleket.<\/p>\n\n\n\n<p>Az igazi \u00e1tt\u00f6r\u00e9st az hozta, hogy 2014-ben Kisk\u0151r\u00f6s\u00f6n l\u00e9pett fel a legend\u00e1s Omega zenekar, m\u00f6g\u00f6tt\u00fck pedig azon az evang\u00e9likus templombeli koncerten a Gospel Sasok vok\u00e1loztak. Ez azt\u00e1n m\u00e9g 17-szer megism\u00e9tl\u0151d\u00f6tt az orsz\u00e1g \u00e9s a K\u00e1rp\u00e1t-medence k\u00fcl\u00f6nb\u00f6z\u0151 helyein. A tenorban pedig ott dalolt az \u00e9n dr\u00e1ga f\u00e9rjem is. A j\u00f3 zen\u00e9t \u00e9s a j\u00f3 t\u00e1rsas\u00e1got mindig is szerettem, a Sasok pedig v\u00e9gtelen szeretettel fogadtak maguk k\u00f6z\u00e9, \u00edgy lettem a csapat fot\u00f3sa. Amikor csak lehetett vel\u00fck tartottam a koncertekre, \u00edgy fot\u00f3zhattam t\u00f6bbek k\u00f6z\u00f6tt Kass\u00e1n, Orosh\u00e1z\u00e1n, Si\u00f3fokon, Felcs\u00faton, P\u00e1p\u00e1n, \u00e9s Budapesten a V\u00e1rkert Baz\u00e1rban is. Hihetetlen \u00e9lm\u00e9ny volt. Ezek csak az Omega koncertek voltak. Term\u00e9szetesen innent\u0151l kezdve \u00f6n\u00e1ll\u00f3 fell\u00e9p\u00e9seikre is mindig elk\u00eds\u00e9rtem\/elk\u00eds\u00e9rem a Sasokat. Legmesszebbre a finnorsz\u00e1gi Lapu\u00e1ig rep\u00fcltem vel\u00fck.<\/p>\n\n\n\n<p>Az Omega koncerteken fedeztem fel els\u0151k\u00e9nt a f\u00e9nyek j\u00e1t\u00e9k\u00e1t, a sz\u00ednek \u00e9s a k\u00fcl\u00f6nb\u00f6z\u0151 megvil\u00e1g\u00edt\u00e1s kifejez\u0151 erej\u00e9t, \u00e9s szerettem bele igaz\u00e1n ebbe a m\u0171v\u00e9szeti \u00e1gba. A fot\u00f3k k\u00f6zz\u00e9 t\u00e9tele ut\u00e1ni rengeteg pozit\u00edv visszajelz\u00e9s pedig arra \u00f6szt\u00f6nz\u00f6tt, hogy komolyabban is foglalkozzak vele. Elkezdtem h\u00e1t mindenf\u00e9l\u00e9t fot\u00f3zni, \u00e9s egyre m\u00e9lyebbre \u00e1sni a fotogr\u00e1fia elm\u00e9leti, technikai tudnival\u00f3iban is.<\/p>\n\n\n\n<p>Legf\u0151bb \u00f6szt\u00f6nz\u0151m a f\u00e9rjem lett, aki ugyancsak a fot\u00f3z\u00e1s megsz\u00e1llottj\u00e1v\u00e1 v\u00e1lt id\u0151k\u00f6zben, de am\u00edg \u00e9n a pillanat \u00e9s az \u00e9rzelmek megragad\u00e1s\u00e1t szeretem e tev\u00e9kenys\u00e9gben, \u0151 ink\u00e1bb a t\u00f6bb el\u0151k\u00e9sz\u00edt\u0151 munk\u00e1t \u00e9s hosszabb folyamatot, \u00f6sszetettebb technikai tr\u00fckk\u00f6ket ig\u00e9nyl\u0151 ir\u00e1nyzatok mellett tette le a voks\u00e1t. J\u00f3l kieg\u00e9sz\u00edtj\u00fck egym\u00e1st. Az \u0150 \u00f6szt\u00f6nz\u00e9s\u00e9re \u00e9s t\u00e1mogat\u00e1s\u00e1val v\u00e9geztem el a NEXTFOT\u00d3 kecskem\u00e9ti alaptanfolyam\u00e1t Kaszab Tibor ir\u00e1ny\u00edt\u00e1s\u00e1val.<\/p>\n\n\n\n<p>2019-ben beiratkoztam a Perfekt Zrt. fotogr\u00e1fus k\u00e9pz\u00e9s\u00e9re, ahol 2020. j\u00falius\u00e1ban szereztem bizony\u00edtv\u00e1nyt. Tan\u00e1raim Domj\u00e1n Endre \u00e9s Jakovicsn\u00e9 Gad\u00e1nyi Andrea voltak.<\/p>\n\n\n\n<p>2020 szeptember\u00e9ben, a vil\u00e1gj\u00e1rv\u00e1ny kell\u0151s k\u00f6zep\u00e9n ind\u00edtottam el kis v\u00e1llalkoz\u00e1somat, melynek honlapj\u00e1t b\u00f6ng\u00e9szed \u00e9ppen.<\/p>\n\n\n\n<p>Tal\u00e1lsz rajta sok-sok k\u00e9pet, \u00e9s j\u00f3 n\u00e9h\u00e1ny \u00edr\u00e1st is, hiszen ez sem \u00e1ll t\u00e1vol t\u0151lem. Tarts velem!&nbsp;<br>&#8212;<br><em><strong>Sub\u00e1n\u00e9 Kiss Krisztina<\/strong><\/em><\/p>\n","protected":false},"excerpt":{"rendered":"<p>SiKK. Tal\u00e1n felt\u0171nik Neked kedves olvas\u00f3, hogy egy bet\u0171 kiv\u00e9tel\u00e9vel ez a monogramom. Sub\u00e1n\u00e9 Kiss Krisztina ugyanis a teljes nevem. Egy apr\u00f3 \u201ei\u201d bet\u0171vel kieg\u00e9sz\u00edtve pedig m\u00e1r jelent\u00e9se is van. A magyar nyelv \u00e9rtelmez\u0151 sz\u00f3t\u00e1ra szerint a sikk k\u00f6nnyed elegancia, eredeti \u00edzl\u00e9s, k\u00f6nnyeds\u00e9g, simas\u00e1g, finoms\u00e1g. A sz\u00f3 egy\u00e9bk\u00e9nt francia eredet\u0171, \u00e9s az eml\u00edtett tulajdons\u00e1gok mellett [&hellip;]<\/p>\n","protected":false},"author":1,"featured_media":0,"parent":0,"menu_order":0,"comment_status":"closed","ping_status":"closed","template":"","meta":{"_et_pb_use_builder":"","_et_pb_old_content":"","_et_gb_content_width":"","footnotes":""},"class_list":["post-15","page","type-page","status-publish","hentry"],"yoast_head":"<!-- This site is optimized with the Yoast SEO plugin v20.3 - https:\/\/yoast.com\/wordpress\/plugins\/seo\/ -->\n<title>R\u00f3lam - Sikk fot\u00f3 \u00e9s m\u00e9dia<\/title>\n<meta name=\"robots\" content=\"noindex, follow\" \/>\n<meta property=\"og:locale\" content=\"hu_HU\" \/>\n<meta property=\"og:type\" content=\"article\" \/>\n<meta property=\"og:title\" content=\"R\u00f3lam - Sikk fot\u00f3 \u00e9s m\u00e9dia\" \/>\n<meta property=\"og:description\" content=\"SiKK. Tal\u00e1n felt\u0171nik Neked kedves olvas\u00f3, hogy egy bet\u0171 kiv\u00e9tel\u00e9vel ez a monogramom. Sub\u00e1n\u00e9 Kiss Krisztina ugyanis a teljes nevem. Egy apr\u00f3 \u201ei\u201d bet\u0171vel kieg\u00e9sz\u00edtve pedig m\u00e1r jelent\u00e9se is van. A magyar nyelv \u00e9rtelmez\u0151 sz\u00f3t\u00e1ra szerint a sikk k\u00f6nnyed elegancia, eredeti \u00edzl\u00e9s, k\u00f6nnyeds\u00e9g, simas\u00e1g, finoms\u00e1g. A sz\u00f3 egy\u00e9bk\u00e9nt francia eredet\u0171, \u00e9s az eml\u00edtett tulajdons\u00e1gok mellett [&hellip;]\" \/>\n<meta property=\"og:url\" content=\"https:\/\/sikkfoto.hu\/index.php\/rolam\/\" \/>\n<meta property=\"og:site_name\" content=\"Sikk fot\u00f3 \u00e9s m\u00e9dia\" \/>\n<meta property=\"article:publisher\" content=\"https:\/\/www.facebook.com\/sikk.fotoesmedia\" \/>\n<meta property=\"article:modified_time\" content=\"2023-03-18T21:38:35+00:00\" \/>\n<meta name=\"twitter:card\" content=\"summary_large_image\" \/>\n<meta name=\"twitter:label1\" content=\"Becs\u00fclt olvas\u00e1si id\u0151\" \/>\n\t<meta name=\"twitter:data1\" content=\"3 perc\" \/>\n<script type=\"application\/ld+json\" class=\"yoast-schema-graph\">{\"@context\":\"https:\/\/schema.org\",\"@graph\":[{\"@type\":\"WebPage\",\"@id\":\"https:\/\/sikkfoto.hu\/index.php\/rolam\/\",\"url\":\"https:\/\/sikkfoto.hu\/index.php\/rolam\/\",\"name\":\"R\u00f3lam - Sikk fot\u00f3 \u00e9s m\u00e9dia\",\"isPartOf\":{\"@id\":\"https:\/\/sikkfoto.hu\/#website\"},\"datePublished\":\"2021-06-22T19:52:30+00:00\",\"dateModified\":\"2023-03-18T21:38:35+00:00\",\"breadcrumb\":{\"@id\":\"https:\/\/sikkfoto.hu\/index.php\/rolam\/#breadcrumb\"},\"inLanguage\":\"hu\",\"potentialAction\":[{\"@type\":\"ReadAction\",\"target\":[\"https:\/\/sikkfoto.hu\/index.php\/rolam\/\"]}]},{\"@type\":\"BreadcrumbList\",\"@id\":\"https:\/\/sikkfoto.hu\/index.php\/rolam\/#breadcrumb\",\"itemListElement\":[{\"@type\":\"ListItem\",\"position\":1,\"name\":\"Kezd\u0151lap\",\"item\":\"https:\/\/sikkfoto.hu\/\"},{\"@type\":\"ListItem\",\"position\":2,\"name\":\"R\u00f3lam\"}]},{\"@type\":\"WebSite\",\"@id\":\"https:\/\/sikkfoto.hu\/#website\",\"url\":\"https:\/\/sikkfoto.hu\/\",\"name\":\"Sikk Fot\u00f3 \u00e9s M\u00e9dia\",\"description\":\"...mert a fot\u00f3z\u00e1s is lehet Sikk!\",\"publisher\":{\"@id\":\"https:\/\/sikkfoto.hu\/#organization\"},\"potentialAction\":[{\"@type\":\"SearchAction\",\"target\":{\"@type\":\"EntryPoint\",\"urlTemplate\":\"https:\/\/sikkfoto.hu\/?s={search_term_string}\"},\"query-input\":\"required name=search_term_string\"}],\"inLanguage\":\"hu\"},{\"@type\":\"Organization\",\"@id\":\"https:\/\/sikkfoto.hu\/#organization\",\"name\":\"SiKK fot\u00f3 \u00e9s m\u00e9dia\",\"url\":\"https:\/\/sikkfoto.hu\/\",\"logo\":{\"@type\":\"ImageObject\",\"inLanguage\":\"hu\",\"@id\":\"https:\/\/sikkfoto.hu\/#\/schema\/logo\/image\/\",\"url\":\"https:\/\/sikkfoto.hu\/wp-content\/uploads\/2021\/06\/SikkFoto.jpg\",\"contentUrl\":\"https:\/\/sikkfoto.hu\/wp-content\/uploads\/2021\/06\/SikkFoto.jpg\",\"width\":2048,\"height\":2048,\"caption\":\"SiKK fot\u00f3 \u00e9s m\u00e9dia\"},\"image\":{\"@id\":\"https:\/\/sikkfoto.hu\/#\/schema\/logo\/image\/\"},\"sameAs\":[\"https:\/\/www.facebook.com\/sikk.fotoesmedia\"]}]}<\/script>\n<!-- \/ Yoast SEO plugin. -->","yoast_head_json":{"title":"R\u00f3lam - Sikk fot\u00f3 \u00e9s m\u00e9dia","robots":{"index":"noindex","follow":"follow"},"og_locale":"hu_HU","og_type":"article","og_title":"R\u00f3lam - Sikk fot\u00f3 \u00e9s m\u00e9dia","og_description":"SiKK. Tal\u00e1n felt\u0171nik Neked kedves olvas\u00f3, hogy egy bet\u0171 kiv\u00e9tel\u00e9vel ez a monogramom. Sub\u00e1n\u00e9 Kiss Krisztina ugyanis a teljes nevem. Egy apr\u00f3 \u201ei\u201d bet\u0171vel kieg\u00e9sz\u00edtve pedig m\u00e1r jelent\u00e9se is van. A magyar nyelv \u00e9rtelmez\u0151 sz\u00f3t\u00e1ra szerint a sikk k\u00f6nnyed elegancia, eredeti \u00edzl\u00e9s, k\u00f6nnyeds\u00e9g, simas\u00e1g, finoms\u00e1g. A sz\u00f3 egy\u00e9bk\u00e9nt francia eredet\u0171, \u00e9s az eml\u00edtett tulajdons\u00e1gok mellett [&hellip;]","og_url":"https:\/\/sikkfoto.hu\/index.php\/rolam\/","og_site_name":"Sikk fot\u00f3 \u00e9s m\u00e9dia","article_publisher":"https:\/\/www.facebook.com\/sikk.fotoesmedia","article_modified_time":"2023-03-18T21:38:35+00:00","twitter_card":"summary_large_image","twitter_misc":{"Becs\u00fclt olvas\u00e1si id\u0151":"3 perc"},"schema":{"@context":"https:\/\/schema.org","@graph":[{"@type":"WebPage","@id":"https:\/\/sikkfoto.hu\/index.php\/rolam\/","url":"https:\/\/sikkfoto.hu\/index.php\/rolam\/","name":"R\u00f3lam - Sikk fot\u00f3 \u00e9s m\u00e9dia","isPartOf":{"@id":"https:\/\/sikkfoto.hu\/#website"},"datePublished":"2021-06-22T19:52:30+00:00","dateModified":"2023-03-18T21:38:35+00:00","breadcrumb":{"@id":"https:\/\/sikkfoto.hu\/index.php\/rolam\/#breadcrumb"},"inLanguage":"hu","potentialAction":[{"@type":"ReadAction","target":["https:\/\/sikkfoto.hu\/index.php\/rolam\/"]}]},{"@type":"BreadcrumbList","@id":"https:\/\/sikkfoto.hu\/index.php\/rolam\/#breadcrumb","itemListElement":[{"@type":"ListItem","position":1,"name":"Kezd\u0151lap","item":"https:\/\/sikkfoto.hu\/"},{"@type":"ListItem","position":2,"name":"R\u00f3lam"}]},{"@type":"WebSite","@id":"https:\/\/sikkfoto.hu\/#website","url":"https:\/\/sikkfoto.hu\/","name":"Sikk Fot\u00f3 \u00e9s M\u00e9dia","description":"...mert a fot\u00f3z\u00e1s is lehet Sikk!","publisher":{"@id":"https:\/\/sikkfoto.hu\/#organization"},"potentialAction":[{"@type":"SearchAction","target":{"@type":"EntryPoint","urlTemplate":"https:\/\/sikkfoto.hu\/?s={search_term_string}"},"query-input":"required name=search_term_string"}],"inLanguage":"hu"},{"@type":"Organization","@id":"https:\/\/sikkfoto.hu\/#organization","name":"SiKK fot\u00f3 \u00e9s m\u00e9dia","url":"https:\/\/sikkfoto.hu\/","logo":{"@type":"ImageObject","inLanguage":"hu","@id":"https:\/\/sikkfoto.hu\/#\/schema\/logo\/image\/","url":"https:\/\/sikkfoto.hu\/wp-content\/uploads\/2021\/06\/SikkFoto.jpg","contentUrl":"https:\/\/sikkfoto.hu\/wp-content\/uploads\/2021\/06\/SikkFoto.jpg","width":2048,"height":2048,"caption":"SiKK fot\u00f3 \u00e9s m\u00e9dia"},"image":{"@id":"https:\/\/sikkfoto.hu\/#\/schema\/logo\/image\/"},"sameAs":["https:\/\/www.facebook.com\/sikk.fotoesmedia"]}]}},"_links":{"self":[{"href":"https:\/\/sikkfoto.hu\/index.php\/wp-json\/wp\/v2\/pages\/15","targetHints":{"allow":["GET"]}}],"collection":[{"href":"https:\/\/sikkfoto.hu\/index.php\/wp-json\/wp\/v2\/pages"}],"about":[{"href":"https:\/\/sikkfoto.hu\/index.php\/wp-json\/wp\/v2\/types\/page"}],"author":[{"embeddable":true,"href":"https:\/\/sikkfoto.hu\/index.php\/wp-json\/wp\/v2\/users\/1"}],"replies":[{"embeddable":true,"href":"https:\/\/sikkfoto.hu\/index.php\/wp-json\/wp\/v2\/comments?post=15"}],"version-history":[{"count":7,"href":"https:\/\/sikkfoto.hu\/index.php\/wp-json\/wp\/v2\/pages\/15\/revisions"}],"predecessor-version":[{"id":87,"href":"https:\/\/sikkfoto.hu\/index.php\/wp-json\/wp\/v2\/pages\/15\/revisions\/87"}],"wp:attachment":[{"href":"https:\/\/sikkfoto.hu\/index.php\/wp-json\/wp\/v2\/media?parent=15"}],"curies":[{"name":"wp","href":"https:\/\/api.w.org\/{rel}","templated":true}]}}