{"id":50,"date":"2021-06-22T20:11:34","date_gmt":"2021-06-22T20:11:34","guid":{"rendered":"https:\/\/sikkfoto.hu\/?page_id=50"},"modified":"2021-06-22T20:11:34","modified_gmt":"2021-06-22T20:11:34","slug":"iskolai-fotozas","status":"publish","type":"page","link":"https:\/\/sikkfoto.hu\/index.php\/iskolai-fotozas\/","title":{"rendered":"Iskolai fot\u00f3z\u00e1s"},"content":{"rendered":"","protected":false},"excerpt":{"rendered":"","protected":false},"author":1,"featured_media":0,"parent":0,"menu_order":0,"comment_status":"closed","ping_status":"closed","template":"","meta":{"_et_pb_use_builder":"","_et_pb_old_content":"","_et_gb_content_width":"","footnotes":""},"class_list":["post-50","page","type-page","status-publish","hentry"],"yoast_head":"<!-- This site is optimized with the Yoast SEO plugin v20.3 - https:\/\/yoast.com\/wordpress\/plugins\/seo\/ -->\n<title>Iskolai fot\u00f3z\u00e1s - Sikk fot\u00f3 \u00e9s m\u00e9dia<\/title>\n<meta name=\"robots\" content=\"noindex, follow\" \/>\n<meta property=\"og:locale\" content=\"hu_HU\" \/>\n<meta property=\"og:type\" content=\"article\" \/>\n<meta property=\"og:title\" content=\"Iskolai fot\u00f3z\u00e1s - Sikk fot\u00f3 \u00e9s m\u00e9dia\" \/>\n<meta property=\"og:url\" content=\"https:\/\/sikkfoto.hu\/index.php\/iskolai-fotozas\/\" \/>\n<meta property=\"og:site_name\" content=\"Sikk fot\u00f3 \u00e9s m\u00e9dia\" \/>\n<meta property=\"article:publisher\" content=\"https:\/\/www.facebook.com\/sikk.fotoesmedia\" \/>\n<meta name=\"twitter:card\" content=\"summary_large_image\" \/>\n<script type=\"application\/ld+json\" class=\"yoast-schema-graph\">{\"@context\":\"https:\/\/schema.org\",\"@graph\":[{\"@type\":\"WebPage\",\"@id\":\"https:\/\/sikkfoto.hu\/index.php\/iskolai-fotozas\/\",\"url\":\"https:\/\/sikkfoto.hu\/index.php\/iskolai-fotozas\/\",\"name\":\"Iskolai fot\u00f3z\u00e1s - Sikk fot\u00f3 \u00e9s m\u00e9dia\",\"isPartOf\":{\"@id\":\"https:\/\/sikkfoto.hu\/#website\"},\"datePublished\":\"2021-06-22T20:11:34+00:00\",\"dateModified\":\"2021-06-22T20:11:34+00:00\",\"breadcrumb\":{\"@id\":\"https:\/\/sikkfoto.hu\/index.php\/iskolai-fotozas\/#breadcrumb\"},\"inLanguage\":\"hu\",\"potentialAction\":[{\"@type\":\"ReadAction\",\"target\":[\"https:\/\/sikkfoto.hu\/index.php\/iskolai-fotozas\/\"]}]},{\"@type\":\"BreadcrumbList\",\"@id\":\"https:\/\/sikkfoto.hu\/index.php\/iskolai-fotozas\/#breadcrumb\",\"itemListElement\":[{\"@type\":\"ListItem\",\"position\":1,\"name\":\"Kezd\u0151lap\",\"item\":\"https:\/\/sikkfoto.hu\/\"},{\"@type\":\"ListItem\",\"position\":2,\"name\":\"Iskolai fot\u00f3z\u00e1s\"}]},{\"@type\":\"WebSite\",\"@id\":\"https:\/\/sikkfoto.hu\/#website\",\"url\":\"https:\/\/sikkfoto.hu\/\",\"name\":\"Sikk Fot\u00f3 \u00e9s M\u00e9dia\",\"description\":\"...mert a fot\u00f3z\u00e1s is lehet Sikk!\",\"publisher\":{\"@id\":\"https:\/\/sikkfoto.hu\/#organization\"},\"potentialAction\":[{\"@type\":\"SearchAction\",\"target\":{\"@type\":\"EntryPoint\",\"urlTemplate\":\"https:\/\/sikkfoto.hu\/?s={search_term_string}\"},\"query-input\":\"required name=search_term_string\"}],\"inLanguage\":\"hu\"},{\"@type\":\"Organization\",\"@id\":\"https:\/\/sikkfoto.hu\/#organization\",\"name\":\"SiKK fot\u00f3 \u00e9s m\u00e9dia\",\"url\":\"https:\/\/sikkfoto.hu\/\",\"logo\":{\"@type\":\"ImageObject\",\"inLanguage\":\"hu\",\"@id\":\"https:\/\/sikkfoto.hu\/#\/schema\/logo\/image\/\",\"url\":\"https:\/\/sikkfoto.hu\/wp-content\/uploads\/2021\/06\/SikkFoto.jpg\",\"contentUrl\":\"https:\/\/sikkfoto.hu\/wp-content\/uploads\/2021\/06\/SikkFoto.jpg\",\"width\":2048,\"height\":2048,\"caption\":\"SiKK fot\u00f3 \u00e9s m\u00e9dia\"},\"image\":{\"@id\":\"https:\/\/sikkfoto.hu\/#\/schema\/logo\/image\/\"},\"sameAs\":[\"https:\/\/www.facebook.com\/sikk.fotoesmedia\"]}]}<\/script>\n<!-- \/ Yoast SEO plugin. -->","yoast_head_json":{"title":"Iskolai fot\u00f3z\u00e1s - Sikk fot\u00f3 \u00e9s m\u00e9dia","robots":{"index":"noindex","follow":"follow"},"og_locale":"hu_HU","og_type":"article","og_title":"Iskolai fot\u00f3z\u00e1s - Sikk fot\u00f3 \u00e9s m\u00e9dia","og_url":"https:\/\/sikkfoto.hu\/index.php\/iskolai-fotozas\/","og_site_name":"Sikk fot\u00f3 \u00e9s m\u00e9dia","article_publisher":"https:\/\/www.facebook.com\/sikk.fotoesmedia","twitter_card":"summary_large_image","schema":{"@context":"https:\/\/schema.org","@graph":[{"@type":"WebPage","@id":"https:\/\/sikkfoto.hu\/index.php\/iskolai-fotozas\/","url":"https:\/\/sikkfoto.hu\/index.php\/iskolai-fotozas\/","name":"Iskolai fot\u00f3z\u00e1s - Sikk fot\u00f3 \u00e9s m\u00e9dia","isPartOf":{"@id":"https:\/\/sikkfoto.hu\/#website"},"datePublished":"2021-06-22T20:11:34+00:00","dateModified":"2021-06-22T20:11:34+00:00","breadcrumb":{"@id":"https:\/\/sikkfoto.hu\/index.php\/iskolai-fotozas\/#breadcrumb"},"inLanguage":"hu","potentialAction":[{"@type":"ReadAction","target":["https:\/\/sikkfoto.hu\/index.php\/iskolai-fotozas\/"]}]},{"@type":"BreadcrumbList","@id":"https:\/\/sikkfoto.hu\/index.php\/iskolai-fotozas\/#breadcrumb","itemListElement":[{"@type":"ListItem","position":1,"name":"Kezd\u0151lap","item":"https:\/\/sikkfoto.hu\/"},{"@type":"ListItem","position":2,"name":"Iskolai fot\u00f3z\u00e1s"}]},{"@type":"WebSite","@id":"https:\/\/sikkfoto.hu\/#website","url":"https:\/\/sikkfoto.hu\/","name":"Sikk Fot\u00f3 \u00e9s M\u00e9dia","description":"...mert a fot\u00f3z\u00e1s is lehet Sikk!","publisher":{"@id":"https:\/\/sikkfoto.hu\/#organization"},"potentialAction":[{"@type":"SearchAction","target":{"@type":"EntryPoint","urlTemplate":"https:\/\/sikkfoto.hu\/?s={search_term_string}"},"query-input":"required name=search_term_string"}],"inLanguage":"hu"},{"@type":"Organization","@id":"https:\/\/sikkfoto.hu\/#organization","name":"SiKK fot\u00f3 \u00e9s m\u00e9dia","url":"https:\/\/sikkfoto.hu\/","logo":{"@type":"ImageObject","inLanguage":"hu","@id":"https:\/\/sikkfoto.hu\/#\/schema\/logo\/image\/","url":"https:\/\/sikkfoto.hu\/wp-content\/uploads\/2021\/06\/SikkFoto.jpg","contentUrl":"https:\/\/sikkfoto.hu\/wp-content\/uploads\/2021\/06\/SikkFoto.jpg","width":2048,"height":2048,"caption":"SiKK fot\u00f3 \u00e9s m\u00e9dia"},"image":{"@id":"https:\/\/sikkfoto.hu\/#\/schema\/logo\/image\/"},"sameAs":["https:\/\/www.facebook.com\/sikk.fotoesmedia"]}]}},"_links":{"self":[{"href":"https:\/\/sikkfoto.hu\/index.php\/wp-json\/wp\/v2\/pages\/50","targetHints":{"allow":["GET"]}}],"collection":[{"href":"https:\/\/sikkfoto.hu\/index.php\/wp-json\/wp\/v2\/pages"}],"about":[{"href":"https:\/\/sikkfoto.hu\/index.php\/wp-json\/wp\/v2\/types\/page"}],"author":[{"embeddable":true,"href":"https:\/\/sikkfoto.hu\/index.php\/wp-json\/wp\/v2\/users\/1"}],"replies":[{"embeddable":true,"href":"https:\/\/sikkfoto.hu\/index.php\/wp-json\/wp\/v2\/comments?post=50"}],"version-history":[{"count":1,"href":"https:\/\/sikkfoto.hu\/index.php\/wp-json\/wp\/v2\/pages\/50\/revisions"}],"predecessor-version":[{"id":55,"href":"https:\/\/sikkfoto.hu\/index.php\/wp-json\/wp\/v2\/pages\/50\/revisions\/55"}],"wp:attachment":[{"href":"https:\/\/sikkfoto.hu\/index.php\/wp-json\/wp\/v2\/media?parent=50"}],"curies":[{"name":"wp","href":"https:\/\/api.w.org\/{rel}","templated":true}]}}