{"id":88,"date":"2021-06-22T23:46:21","date_gmt":"2021-06-22T23:46:21","guid":{"rendered":"https:\/\/sikkfoto.hu\/?page_id=88"},"modified":"2021-06-23T00:01:17","modified_gmt":"2021-06-23T00:01:17","slug":"idopont-foglalas","status":"publish","type":"page","link":"https:\/\/sikkfoto.hu\/index.php\/idopont-foglalas\/","title":{"rendered":"Id\u0151pont foglal\u00e1s"},"content":{"rendered":"\n<p>Itt foglalhat id\u0151pontot fot\u00f3z\u00e1sra vagy szem\u00e9lyes tal\u00e1lkoz\u00f3ra<\/p>\n\n\n\n<p><\/p>\n\n\n<!--noptimize-->\n        <script type=\"text\/javascript\">\n         var cp_hourbk_cancel_label = 'Cancel';\n         var cp_hourbk_quantity_label = 'Quantity';\n         var cp_hourbk_cost_label = 'Cost';\n         var cp_hourbk_overlapping_label = 'Selected time is no longer available. Please select a different time.';\n         var cp_hourbk_nomore_label = 'No more slots available.';\n         var cp_hourbk_avoid_overlapping = 0;\n         var apphboverbooking_handler0 = false;\n         function cp_appbooking_pform_doValidate_1(form)\n         {\n            try { if (document.cp_appbooking_pform_1.cp_appbooking_pform_status.value == '1') return false; } catch (e) {}\n            $dexQuery = jQuery.noConflict();\n            try { document.cp_appbooking_pform_1.cp_ref_page.value = document.location; } catch (e) {}\n            $dexQuery = jQuery.noConflict();            {\n                var cpefb_error = 0;\n                $dexQuery(\"#cp_appbooking_pform_1\").find(\".cpefb_error\").each(function(index){\n                if ($dexQuery(this).css(\"display\")!=\"none\")\n                    cpefb_error++;\n                });\n                if (cpefb_error==0)\n                {\n                    if (!apphboverbooking_handler0)\n                    {\n                        try { document.cp_appbooking_pform_1.cp_appbooking_pform_status.value = '1';\t } catch (e) {}\n                        apphbblink_1(\".pbSubmit:visible\");\n                        $dexQuery(\"#cp_appbooking_pform_1\").find(\".avoid_overlapping_before\").not(\".ignore,.ignorepb\").removeClass(\"avoid_overlapping_before\").removeClass(\"valid\").addClass(\"avoid_overlapping\");\n                        cp_hourbk_avoid_overlapping = 1;\n                        try {\n                            $dexQuery(\"#cp_appbooking_pform_1\").find(\".avoid_overlapping\").valid();\n                        } catch (e) { cp_hourbk_avoid_overlapping = 0; }\n                        function check_cp_hourbk_avoid_overlapping(){\n\t\t                    if (cp_hourbk_avoid_overlapping>0)\n\t\t                        setTimeout(check_cp_hourbk_avoid_overlapping,100);\n\t\t                    else\n\t\t                    {\n                                var cpefb_error = 0;\n                                $dexQuery(\"#cp_appbooking_pform_1\").find(\".cpefb_error\").each(function(index){\n                                    if ($dexQuery(this).css(\"display\")!=\"none\")\n                                        cpefb_error++;\n                                    });\n                                try { document.cp_appbooking_pform_1.cp_appbooking_pform_status.value = '0';\t } catch (e) {}\n                                if (cpefb_error==0)\n                                {\n                                    apphboverbooking_handler0 = true;\n                                    if (cp_appbooking_pform_doValidate_1(form))\n                                    {\n                                        $dexQuery( \".pbSubmit\" ).unbind();\n                                        if ($dexQuery( \".pbSubmit\" ).hasClass(\"nofirst\"))\n                                            return false;\n                                        $dexQuery( \".pbSubmit\" ).addClass(\"nofirst\");\n                                        document.getElementById(\"cp_appbooking_pform_1\").submit();\n                                    }\n                                }\n\t\t                    }\n\t\t                }\n\t\t                check_cp_hourbk_avoid_overlapping();\n                        return false;\n                    }\n                    \t        \t\t$dexQuery(\"#cp_appbooking_pform_1\").find( '.ignore' ).closest( '.fields' ).remove();\n\t        \t}\n\t        \tdocument.getElementById(\"form_structure_1\").value = '';\n\t        \tdocument.getElementById(\"refpage_1\").value = document.location;\n                try {\n                    if (cpefb_error==0)\n                    {\n                        document.cp_appbooking_pform_1.cp_appbooking_pform_status.value = '1';\n                        apphbblink_1(\".pbSubmit\");\n                    }\n                } catch (e) {}\n                return true;\n            }\n         }\n         function apphbblink_1(selector){\n             try {\n                 $dexQuery = jQuery.noConflict();\n                 $dexQuery(selector).fadeOut(1000, function(){\n                     $dexQuery(this).fadeIn(1000, function(){\n                             try {\n                                 if (document.cp_appbooking_pform_1.cp_appbooking_pform_status.value != '0')\n                                     apphbblink_1(this);\n                             } catch (e) { console.log(e)}\n                     });\n                 });\n             } catch (e) {}\n         }\n         function cp_appbooking_cerror_1(){$dexQuery = jQuery.noConflict();$dexQuery(\"#hdcaptcha_error_1\").css('top',$dexQuery(\"#hdcaptcha_cp_appbooking_post_1\").outerHeight());$dexQuery(\"#hdcaptcha_error_1\").css(\"display\",\"inline\");}\n        <\/script><!--\/noptimize-->\n        <link rel='stylesheet' media=\"all\" href=\"https:\/\/sikkfoto.hu\/wp-content\/plugins\/appointment-hour-booking\/templates\/07\/style.css\" type=\"text\/css\" \/><form class=\"cpp_form\" name=\"cp_appbooking_pform_1\" id=\"cp_appbooking_pform_1\" action=\"\" method=\"post\" enctype=\"multipart\/form-data\" onsubmit=\"return cp_appbooking_pform_doValidate_1(this);\"><input type=\"hidden\" name=\"cp_pform_psequence\" value=\"_1\" \/><input type=\"hidden\" name=\"cp_appbooking_pform_process\" value=\"1\" \/><input type=\"hidden\" name=\"cp_appbooking_id\" value=\"1\" \/><input type=\"hidden\" name=\"cp_ref_page\" value=\"\" \/><input type=\"hidden\" name=\"form_structure_1\" id=\"form_structure_1\" size=\"180\" value=\"[[{&quot;form_identifier&quot;:&quot;&quot;,&quot;name&quot;:&quot;fieldname1&quot;,&quot;shortlabel&quot;:&quot;&quot;,&quot;index&quot;:0,&quot;ftype&quot;:&quot;fapp&quot;,&quot;userhelp&quot;:&quot;&quot;,&quot;userhelpTooltip&quot;:&quot;&quot;,&quot;csslayout&quot;:&quot;&quot;,&quot;title&quot;:&quot;Appointment&quot;,&quot;services&quot;:[{&quot;name&quot;:&quot;Csal\\u00e1di fot\\u00f3z\\u00e1s&quot;,&quot;price&quot;:1,&quot;capacity&quot;:1,&quot;duration&quot;:60,&quot;pb&quot;:30,&quot;pa&quot;:30,&quot;ohindex&quot;:0,&quot;idx&quot;:1},{&quot;name&quot;:&quot;Portr\\u00e9 fot\\u00f3z\\u00e1s&quot;,&quot;price&quot;:24.99,&quot;capacity&quot;:1,&quot;duration&quot;:60,&quot;pb&quot;:0,&quot;pa&quot;:0,&quot;ohindex&quot;:0,&quot;idx&quot;:2}],&quot;openhours&quot;:[],&quot;allOH&quot;:[{&quot;name&quot;:&quot;Default&quot;,&quot;openhours&quot;:[{&quot;type&quot;:&quot;all&quot;,&quot;d&quot;:&quot;&quot;,&quot;h1&quot;:8,&quot;m1&quot;:0,&quot;h2&quot;:&quot;20&quot;,&quot;m2&quot;:&quot;0&quot;}]}],&quot;dateFormat&quot;:&quot;mm\\\/dd\\\/yy&quot;,&quot;showDropdown&quot;:false,&quot;showTotalCost&quot;:false,&quot;showTotalCostFormat&quot;:&quot;$ {0}&quot;,&quot;showEndTime&quot;:false,&quot;showQuantity&quot;:false,&quot;usedSlotsCheckbox&quot;:true,&quot;avoidOverlaping&quot;:true,&quot;emptySelectCheckbox&quot;:false,&quot;emptySelect&quot;:&quot;-- Please select service --&quot;,&quot;dropdownRange&quot;:&quot;-10:+10&quot;,&quot;working_dates&quot;:[true,true,true,true,true,true,true],&quot;numberOfMonths&quot;:1,&quot;maxNumberOfApp&quot;:&quot;4&quot;,&quot;firstDay&quot;:0,&quot;minDate&quot;:&quot;0&quot;,&quot;maxDate&quot;:&quot;&quot;,&quot;defaultDate&quot;:&quot;&quot;,&quot;invalidDates&quot;:&quot;&quot;,&quot;tmpinvalidDates&quot;:&quot;&quot;,&quot;required&quot;:true,&quot;bSlotsCheckbox&quot;:true,&quot;bSlots&quot;:30,&quot;militaryTime&quot;:1,&quot;autonum&quot;:2,&quot;fBuild&quot;:{},&quot;special_days&quot;:[],&quot;minDateTmp&quot;:&quot;0&quot;,&quot;getMinDate&quot;:{},&quot;tmpinvalidDatestime&quot;:[]},{&quot;form_identifier&quot;:&quot;&quot;,&quot;name&quot;:&quot;email&quot;,&quot;shortlabel&quot;:&quot;&quot;,&quot;index&quot;:1,&quot;ftype&quot;:&quot;femail&quot;,&quot;userhelp&quot;:&quot;&quot;,&quot;userhelpTooltip&quot;:&quot;&quot;,&quot;csslayout&quot;:&quot;&quot;,&quot;title&quot;:&quot;Email&quot;,&quot;predefined&quot;:&quot;&quot;,&quot;predefinedClick&quot;:false,&quot;required&quot;:true,&quot;size&quot;:&quot;medium&quot;,&quot;equalTo&quot;:&quot;&quot;,&quot;fBuild&quot;:{}}],[{&quot;title&quot;:&quot;&quot;,&quot;description&quot;:&quot;&quot;,&quot;formlayout&quot;:&quot;top_aligned&quot;,&quot;formtemplate&quot;:&quot;ahb_m&quot;,&quot;evalequations&quot;:1,&quot;autocomplete&quot;:1}]]\" \/><input type=\"hidden\" name=\"refpage_1\" id=\"refpage_1\" value=\"\"><input type=\"hidden\" name=\"cp_appbooking_pform_status\" value=\"0\" \/><input name=\"anonce\" type=\"hidden\" value=\"6265080292\"\/> \r\n<div id=\"fbuilder\">    \r\n    <div id=\"fbuilder_1\">\r\n        <div id=\"formheader_1\"><\/div>\r\n        <div id=\"fieldlist_1\"><\/div>\r\n    <\/div>\r\n<\/div>    \r\n<div style=\"display:none\">\r\n<div id=\"cpcaptchalayer_1\" class=\"cpcaptchalayer\">\r\n <div class=\"fields\" id=\"field-c0\" style=\"display:none\">\r\n    <label><\/label>\r\n    <div class=\"dfield\"><!--addons-payment-options--><\/div>\r\n    <div class=\"clearer\"><\/div>\r\n <\/div>\r\n<!-- rcadon -->\r\n<\/div>\r\n<\/div>\r\n<div id=\"cp_subbtn_1\" class=\"cp_subbtn\">Submit<\/div>\r\n<div style=\"clear:both;\"><\/div>\r\n<\/form>\r\n\n\n\n<p><\/p>\n","protected":false},"excerpt":{"rendered":"<p>Itt foglalhat id\u0151pontot fot\u00f3z\u00e1sra vagy szem\u00e9lyes tal\u00e1lkoz\u00f3ra<\/p>\n","protected":false},"author":1,"featured_media":0,"parent":0,"menu_order":0,"comment_status":"closed","ping_status":"closed","template":"","meta":{"_et_pb_use_builder":"","_et_pb_old_content":"","_et_gb_content_width":"","footnotes":""},"class_list":["post-88","page","type-page","status-publish","hentry"],"yoast_head":"<!-- This site is optimized with the Yoast SEO plugin v20.3 - https:\/\/yoast.com\/wordpress\/plugins\/seo\/ -->\n<title>Id\u0151pont foglal\u00e1s - Sikk fot\u00f3 \u00e9s m\u00e9dia<\/title>\n<meta name=\"robots\" content=\"noindex, follow\" \/>\n<meta property=\"og:locale\" content=\"hu_HU\" \/>\n<meta property=\"og:type\" content=\"article\" \/>\n<meta property=\"og:title\" content=\"Id\u0151pont foglal\u00e1s - Sikk fot\u00f3 \u00e9s m\u00e9dia\" \/>\n<meta property=\"og:description\" content=\"Itt foglalhat id\u0151pontot fot\u00f3z\u00e1sra vagy szem\u00e9lyes tal\u00e1lkoz\u00f3ra\" \/>\n<meta property=\"og:url\" content=\"https:\/\/sikkfoto.hu\/index.php\/idopont-foglalas\/\" \/>\n<meta property=\"og:site_name\" content=\"Sikk fot\u00f3 \u00e9s m\u00e9dia\" \/>\n<meta property=\"article:publisher\" content=\"https:\/\/www.facebook.com\/sikk.fotoesmedia\" \/>\n<meta property=\"article:modified_time\" content=\"2021-06-23T00:01:17+00:00\" \/>\n<meta name=\"twitter:card\" content=\"summary_large_image\" \/>\n<meta name=\"twitter:label1\" content=\"Becs\u00fclt olvas\u00e1si id\u0151\" \/>\n\t<meta name=\"twitter:data1\" content=\"1 perc\" \/>\n<script type=\"application\/ld+json\" class=\"yoast-schema-graph\">{\"@context\":\"https:\/\/schema.org\",\"@graph\":[{\"@type\":\"WebPage\",\"@id\":\"https:\/\/sikkfoto.hu\/index.php\/idopont-foglalas\/\",\"url\":\"https:\/\/sikkfoto.hu\/index.php\/idopont-foglalas\/\",\"name\":\"Id\u0151pont foglal\u00e1s - Sikk fot\u00f3 \u00e9s m\u00e9dia\",\"isPartOf\":{\"@id\":\"https:\/\/sikkfoto.hu\/#website\"},\"datePublished\":\"2021-06-22T23:46:21+00:00\",\"dateModified\":\"2021-06-23T00:01:17+00:00\",\"breadcrumb\":{\"@id\":\"https:\/\/sikkfoto.hu\/index.php\/idopont-foglalas\/#breadcrumb\"},\"inLanguage\":\"hu\",\"potentialAction\":[{\"@type\":\"ReadAction\",\"target\":[\"https:\/\/sikkfoto.hu\/index.php\/idopont-foglalas\/\"]}]},{\"@type\":\"BreadcrumbList\",\"@id\":\"https:\/\/sikkfoto.hu\/index.php\/idopont-foglalas\/#breadcrumb\",\"itemListElement\":[{\"@type\":\"ListItem\",\"position\":1,\"name\":\"Kezd\u0151lap\",\"item\":\"https:\/\/sikkfoto.hu\/\"},{\"@type\":\"ListItem\",\"position\":2,\"name\":\"Id\u0151pont foglal\u00e1s\"}]},{\"@type\":\"WebSite\",\"@id\":\"https:\/\/sikkfoto.hu\/#website\",\"url\":\"https:\/\/sikkfoto.hu\/\",\"name\":\"Sikk Fot\u00f3 \u00e9s M\u00e9dia\",\"description\":\"...mert a fot\u00f3z\u00e1s is lehet Sikk!\",\"publisher\":{\"@id\":\"https:\/\/sikkfoto.hu\/#organization\"},\"potentialAction\":[{\"@type\":\"SearchAction\",\"target\":{\"@type\":\"EntryPoint\",\"urlTemplate\":\"https:\/\/sikkfoto.hu\/?s={search_term_string}\"},\"query-input\":\"required name=search_term_string\"}],\"inLanguage\":\"hu\"},{\"@type\":\"Organization\",\"@id\":\"https:\/\/sikkfoto.hu\/#organization\",\"name\":\"SiKK fot\u00f3 \u00e9s m\u00e9dia\",\"url\":\"https:\/\/sikkfoto.hu\/\",\"logo\":{\"@type\":\"ImageObject\",\"inLanguage\":\"hu\",\"@id\":\"https:\/\/sikkfoto.hu\/#\/schema\/logo\/image\/\",\"url\":\"https:\/\/sikkfoto.hu\/wp-content\/uploads\/2021\/06\/SikkFoto.jpg\",\"contentUrl\":\"https:\/\/sikkfoto.hu\/wp-content\/uploads\/2021\/06\/SikkFoto.jpg\",\"width\":2048,\"height\":2048,\"caption\":\"SiKK fot\u00f3 \u00e9s m\u00e9dia\"},\"image\":{\"@id\":\"https:\/\/sikkfoto.hu\/#\/schema\/logo\/image\/\"},\"sameAs\":[\"https:\/\/www.facebook.com\/sikk.fotoesmedia\"]}]}<\/script>\n<!-- \/ Yoast SEO plugin. -->","yoast_head_json":{"title":"Id\u0151pont foglal\u00e1s - Sikk fot\u00f3 \u00e9s m\u00e9dia","robots":{"index":"noindex","follow":"follow"},"og_locale":"hu_HU","og_type":"article","og_title":"Id\u0151pont foglal\u00e1s - Sikk fot\u00f3 \u00e9s m\u00e9dia","og_description":"Itt foglalhat id\u0151pontot fot\u00f3z\u00e1sra vagy szem\u00e9lyes tal\u00e1lkoz\u00f3ra","og_url":"https:\/\/sikkfoto.hu\/index.php\/idopont-foglalas\/","og_site_name":"Sikk fot\u00f3 \u00e9s m\u00e9dia","article_publisher":"https:\/\/www.facebook.com\/sikk.fotoesmedia","article_modified_time":"2021-06-23T00:01:17+00:00","twitter_card":"summary_large_image","twitter_misc":{"Becs\u00fclt olvas\u00e1si id\u0151":"1 perc"},"schema":{"@context":"https:\/\/schema.org","@graph":[{"@type":"WebPage","@id":"https:\/\/sikkfoto.hu\/index.php\/idopont-foglalas\/","url":"https:\/\/sikkfoto.hu\/index.php\/idopont-foglalas\/","name":"Id\u0151pont foglal\u00e1s - Sikk fot\u00f3 \u00e9s m\u00e9dia","isPartOf":{"@id":"https:\/\/sikkfoto.hu\/#website"},"datePublished":"2021-06-22T23:46:21+00:00","dateModified":"2021-06-23T00:01:17+00:00","breadcrumb":{"@id":"https:\/\/sikkfoto.hu\/index.php\/idopont-foglalas\/#breadcrumb"},"inLanguage":"hu","potentialAction":[{"@type":"ReadAction","target":["https:\/\/sikkfoto.hu\/index.php\/idopont-foglalas\/"]}]},{"@type":"BreadcrumbList","@id":"https:\/\/sikkfoto.hu\/index.php\/idopont-foglalas\/#breadcrumb","itemListElement":[{"@type":"ListItem","position":1,"name":"Kezd\u0151lap","item":"https:\/\/sikkfoto.hu\/"},{"@type":"ListItem","position":2,"name":"Id\u0151pont foglal\u00e1s"}]},{"@type":"WebSite","@id":"https:\/\/sikkfoto.hu\/#website","url":"https:\/\/sikkfoto.hu\/","name":"Sikk Fot\u00f3 \u00e9s M\u00e9dia","description":"...mert a fot\u00f3z\u00e1s is lehet Sikk!","publisher":{"@id":"https:\/\/sikkfoto.hu\/#organization"},"potentialAction":[{"@type":"SearchAction","target":{"@type":"EntryPoint","urlTemplate":"https:\/\/sikkfoto.hu\/?s={search_term_string}"},"query-input":"required name=search_term_string"}],"inLanguage":"hu"},{"@type":"Organization","@id":"https:\/\/sikkfoto.hu\/#organization","name":"SiKK fot\u00f3 \u00e9s m\u00e9dia","url":"https:\/\/sikkfoto.hu\/","logo":{"@type":"ImageObject","inLanguage":"hu","@id":"https:\/\/sikkfoto.hu\/#\/schema\/logo\/image\/","url":"https:\/\/sikkfoto.hu\/wp-content\/uploads\/2021\/06\/SikkFoto.jpg","contentUrl":"https:\/\/sikkfoto.hu\/wp-content\/uploads\/2021\/06\/SikkFoto.jpg","width":2048,"height":2048,"caption":"SiKK fot\u00f3 \u00e9s m\u00e9dia"},"image":{"@id":"https:\/\/sikkfoto.hu\/#\/schema\/logo\/image\/"},"sameAs":["https:\/\/www.facebook.com\/sikk.fotoesmedia"]}]}},"_links":{"self":[{"href":"https:\/\/sikkfoto.hu\/index.php\/wp-json\/wp\/v2\/pages\/88","targetHints":{"allow":["GET"]}}],"collection":[{"href":"https:\/\/sikkfoto.hu\/index.php\/wp-json\/wp\/v2\/pages"}],"about":[{"href":"https:\/\/sikkfoto.hu\/index.php\/wp-json\/wp\/v2\/types\/page"}],"author":[{"embeddable":true,"href":"https:\/\/sikkfoto.hu\/index.php\/wp-json\/wp\/v2\/users\/1"}],"replies":[{"embeddable":true,"href":"https:\/\/sikkfoto.hu\/index.php\/wp-json\/wp\/v2\/comments?post=88"}],"version-history":[{"count":3,"href":"https:\/\/sikkfoto.hu\/index.php\/wp-json\/wp\/v2\/pages\/88\/revisions"}],"predecessor-version":[{"id":97,"href":"https:\/\/sikkfoto.hu\/index.php\/wp-json\/wp\/v2\/pages\/88\/revisions\/97"}],"wp:attachment":[{"href":"https:\/\/sikkfoto.hu\/index.php\/wp-json\/wp\/v2\/media?parent=88"}],"curies":[{"name":"wp","href":"https:\/\/api.w.org\/{rel}","templated":true}]}}